{"id":4117,"date":"2026-02-10T16:16:14","date_gmt":"2026-02-10T15:16:14","guid":{"rendered":"https:\/\/gkt-solutions.com\/whistleblower\/"},"modified":"2026-04-16T13:59:04","modified_gmt":"2026-04-16T11:59:04","slug":"hinweisgeber","status":"publish","type":"page","link":"https:\/\/gkt-solutions.com\/de\/hinweisgeber\/","title":{"rendered":"Whistleblower"},"content":{"rendered":"","protected":false},"excerpt":{"rendered":"","protected":false},"author":1,"featured_media":0,"parent":0,"menu_order":86,"comment_status":"closed","ping_status":"closed","template":"","meta":{"_acf_changed":false,"inline_featured_image":false,"footnotes":""},"class_list":["post-4117","page","type-page","status-publish","hentry"],"acf":[],"yoast_head":"<!-- This site is optimized with the Yoast SEO plugin v27.5 - https:\/\/yoast.com\/product\/yoast-seo-wordpress\/ -->\n<title>Whistleblower System GKT | Vertraulich melden bei GKT<\/title>\n<meta name=\"description\" content=\"Whistleblower System GKT: Vertrauliche und anonyme Meldung von Rechtsverst\u00f6\u00dfen gem\u00e4\u00df EU-Richtlinie 2019\/1937.\" \/>\n<meta name=\"robots\" content=\"index, follow, max-snippet:-1, max-image-preview:large, max-video-preview:-1\" \/>\n<link rel=\"canonical\" href=\"https:\/\/gkt-solutions.com\/de\/hinweisgeber\/\" \/>\n<meta property=\"og:locale\" content=\"de_DE\" \/>\n<meta property=\"og:type\" content=\"article\" \/>\n<meta property=\"og:title\" content=\"Whistleblower System GKT | Vertraulich melden bei GKT\" \/>\n<meta property=\"og:description\" content=\"Whistleblower System GKT: Vertrauliche und anonyme Meldung von Rechtsverst\u00f6\u00dfen gem\u00e4\u00df EU-Richtlinie 2019\/1937.\" \/>\n<meta property=\"og:url\" content=\"https:\/\/gkt-solutions.com\/de\/hinweisgeber\/\" \/>\n<meta property=\"og:site_name\" content=\"GKT\" \/>\n<meta property=\"article:modified_time\" content=\"2026-04-16T11:59:04+00:00\" \/>\n<meta name=\"twitter:card\" content=\"summary_large_image\" \/>\n<script type=\"application\/ld+json\" class=\"yoast-schema-graph\">{\"@context\":\"https:\\\/\\\/schema.org\",\"@graph\":[{\"@type\":\"WebPage\",\"@id\":\"https:\\\/\\\/gkt-solutions.com\\\/de\\\/hinweisgeber\\\/\",\"url\":\"https:\\\/\\\/gkt-solutions.com\\\/de\\\/hinweisgeber\\\/\",\"name\":\"Whistleblower System GKT | Vertraulich melden bei GKT\",\"isPartOf\":{\"@id\":\"https:\\\/\\\/gkt-solutions.com\\\/#website\"},\"datePublished\":\"2026-02-10T15:16:14+00:00\",\"dateModified\":\"2026-04-16T11:59:04+00:00\",\"description\":\"Whistleblower System GKT: Vertrauliche und anonyme Meldung von Rechtsverst\u00f6\u00dfen gem\u00e4\u00df EU-Richtlinie 2019\\\/1937.\",\"breadcrumb\":{\"@id\":\"https:\\\/\\\/gkt-solutions.com\\\/de\\\/hinweisgeber\\\/#breadcrumb\"},\"inLanguage\":\"de\",\"potentialAction\":[{\"@type\":\"ReadAction\",\"target\":[\"https:\\\/\\\/gkt-solutions.com\\\/de\\\/hinweisgeber\\\/\"]}]},{\"@type\":\"BreadcrumbList\",\"@id\":\"https:\\\/\\\/gkt-solutions.com\\\/de\\\/hinweisgeber\\\/#breadcrumb\",\"itemListElement\":[{\"@type\":\"ListItem\",\"position\":1,\"name\":\"Home\",\"item\":\"https:\\\/\\\/gkt-solutions.com\\\/de\\\/\"},{\"@type\":\"ListItem\",\"position\":2,\"name\":\"Whistleblower\"}]},{\"@type\":\"WebSite\",\"@id\":\"https:\\\/\\\/gkt-solutions.com\\\/#website\",\"url\":\"https:\\\/\\\/gkt-solutions.com\\\/\",\"name\":\"GKT\",\"description\":\"We Engineer Green Key Technologies\",\"potentialAction\":[{\"@type\":\"SearchAction\",\"target\":{\"@type\":\"EntryPoint\",\"urlTemplate\":\"https:\\\/\\\/gkt-solutions.com\\\/?s={search_term_string}\"},\"query-input\":{\"@type\":\"PropertyValueSpecification\",\"valueRequired\":true,\"valueName\":\"search_term_string\"}}],\"inLanguage\":\"de\"}]}<\/script>\n<!-- \/ Yoast SEO plugin. -->","yoast_head_json":{"title":"Whistleblower System GKT | Vertraulich melden bei GKT","description":"Whistleblower System GKT: Vertrauliche und anonyme Meldung von Rechtsverst\u00f6\u00dfen gem\u00e4\u00df EU-Richtlinie 2019\/1937.","robots":{"index":"index","follow":"follow","max-snippet":"max-snippet:-1","max-image-preview":"max-image-preview:large","max-video-preview":"max-video-preview:-1"},"canonical":"https:\/\/gkt-solutions.com\/de\/hinweisgeber\/","og_locale":"de_DE","og_type":"article","og_title":"Whistleblower System GKT | Vertraulich melden bei GKT","og_description":"Whistleblower System GKT: Vertrauliche und anonyme Meldung von Rechtsverst\u00f6\u00dfen gem\u00e4\u00df EU-Richtlinie 2019\/1937.","og_url":"https:\/\/gkt-solutions.com\/de\/hinweisgeber\/","og_site_name":"GKT","article_modified_time":"2026-04-16T11:59:04+00:00","twitter_card":"summary_large_image","schema":{"@context":"https:\/\/schema.org","@graph":[{"@type":"WebPage","@id":"https:\/\/gkt-solutions.com\/de\/hinweisgeber\/","url":"https:\/\/gkt-solutions.com\/de\/hinweisgeber\/","name":"Whistleblower System GKT | Vertraulich melden bei GKT","isPartOf":{"@id":"https:\/\/gkt-solutions.com\/#website"},"datePublished":"2026-02-10T15:16:14+00:00","dateModified":"2026-04-16T11:59:04+00:00","description":"Whistleblower System GKT: Vertrauliche und anonyme Meldung von Rechtsverst\u00f6\u00dfen gem\u00e4\u00df EU-Richtlinie 2019\/1937.","breadcrumb":{"@id":"https:\/\/gkt-solutions.com\/de\/hinweisgeber\/#breadcrumb"},"inLanguage":"de","potentialAction":[{"@type":"ReadAction","target":["https:\/\/gkt-solutions.com\/de\/hinweisgeber\/"]}]},{"@type":"BreadcrumbList","@id":"https:\/\/gkt-solutions.com\/de\/hinweisgeber\/#breadcrumb","itemListElement":[{"@type":"ListItem","position":1,"name":"Home","item":"https:\/\/gkt-solutions.com\/de\/"},{"@type":"ListItem","position":2,"name":"Whistleblower"}]},{"@type":"WebSite","@id":"https:\/\/gkt-solutions.com\/#website","url":"https:\/\/gkt-solutions.com\/","name":"GKT","description":"We Engineer Green Key Technologies","potentialAction":[{"@type":"SearchAction","target":{"@type":"EntryPoint","urlTemplate":"https:\/\/gkt-solutions.com\/?s={search_term_string}"},"query-input":{"@type":"PropertyValueSpecification","valueRequired":true,"valueName":"search_term_string"}}],"inLanguage":"de"}]}},"_links":{"self":[{"href":"https:\/\/gkt-solutions.com\/de\/wp-json\/wp\/v2\/pages\/4117","targetHints":{"allow":["GET"]}}],"collection":[{"href":"https:\/\/gkt-solutions.com\/de\/wp-json\/wp\/v2\/pages"}],"about":[{"href":"https:\/\/gkt-solutions.com\/de\/wp-json\/wp\/v2\/types\/page"}],"author":[{"embeddable":true,"href":"https:\/\/gkt-solutions.com\/de\/wp-json\/wp\/v2\/users\/1"}],"replies":[{"embeddable":true,"href":"https:\/\/gkt-solutions.com\/de\/wp-json\/wp\/v2\/comments?post=4117"}],"version-history":[{"count":3,"href":"https:\/\/gkt-solutions.com\/de\/wp-json\/wp\/v2\/pages\/4117\/revisions"}],"predecessor-version":[{"id":4551,"href":"https:\/\/gkt-solutions.com\/de\/wp-json\/wp\/v2\/pages\/4117\/revisions\/4551"}],"wp:attachment":[{"href":"https:\/\/gkt-solutions.com\/de\/wp-json\/wp\/v2\/media?parent=4117"}],"curies":[{"name":"wp","href":"https:\/\/api.w.org\/{rel}","templated":true}]}}