{"id":4058,"date":"2026-03-10T09:14:50","date_gmt":"2026-03-10T08:14:50","guid":{"rendered":"https:\/\/gkt-solutions.com\/technologies__trashed\/conventional-evaporation\/"},"modified":"2026-04-27T11:49:20","modified_gmt":"2026-04-27T09:49:20","slug":"konventionelle-eindampfung","status":"publish","type":"page","link":"https:\/\/gkt-solutions.com\/de\/technologien\/konventionelle-eindampfung\/","title":{"rendered":"Konventionelle  Eindampftechnologie"},"content":{"rendered":"","protected":false},"excerpt":{"rendered":"","protected":false},"author":1,"featured_media":0,"parent":4185,"menu_order":78,"comment_status":"closed","ping_status":"closed","template":"","meta":{"_acf_changed":false,"inline_featured_image":false,"footnotes":""},"class_list":["post-4058","page","type-page","status-publish","hentry"],"acf":[],"yoast_head":"<!-- This site is optimized with the Yoast SEO plugin v27.5 - https:\/\/yoast.com\/product\/yoast-seo-wordpress\/ -->\n<title>Eindampftechnologie &amp; Verdampfer f\u00fcr Industrie<\/title>\n<meta name=\"description\" content=\"Effiziente Eindampftechnologie f\u00fcr Industrieanlagen: GKT bietet Verdampferl\u00f6sungen wie MVR, TVR und Fallfilmverdampfer f\u00fcr maximale Leistung.\" \/>\n<meta name=\"robots\" content=\"index, follow, max-snippet:-1, max-image-preview:large, max-video-preview:-1\" \/>\n<link rel=\"canonical\" href=\"https:\/\/gkt-solutions.com\/de\/technologien\/konventionelle-eindampfung\/\" \/>\n<meta property=\"og:locale\" content=\"de_DE\" \/>\n<meta property=\"og:type\" content=\"article\" \/>\n<meta property=\"og:title\" content=\"Eindampftechnologie &amp; Verdampfer f\u00fcr Industrie\" \/>\n<meta property=\"og:description\" content=\"Effiziente Eindampftechnologie f\u00fcr Industrieanlagen: GKT bietet Verdampferl\u00f6sungen wie MVR, TVR und Fallfilmverdampfer f\u00fcr maximale Leistung.\" \/>\n<meta property=\"og:url\" content=\"https:\/\/gkt-solutions.com\/de\/technologien\/konventionelle-eindampfung\/\" \/>\n<meta property=\"og:site_name\" content=\"GKT\" \/>\n<meta property=\"article:modified_time\" content=\"2026-04-27T09:49:20+00:00\" \/>\n<meta name=\"twitter:card\" content=\"summary_large_image\" \/>\n<script type=\"application\/ld+json\" class=\"yoast-schema-graph\">{\"@context\":\"https:\\\/\\\/schema.org\",\"@graph\":[{\"@type\":\"WebPage\",\"@id\":\"https:\\\/\\\/gkt-solutions.com\\\/de\\\/technologien\\\/konventionelle-eindampfung\\\/\",\"url\":\"https:\\\/\\\/gkt-solutions.com\\\/de\\\/technologien\\\/konventionelle-eindampfung\\\/\",\"name\":\"Eindampftechnologie & Verdampfer f\u00fcr Industrie\",\"isPartOf\":{\"@id\":\"https:\\\/\\\/gkt-solutions.com\\\/#website\"},\"datePublished\":\"2026-03-10T08:14:50+00:00\",\"dateModified\":\"2026-04-27T09:49:20+00:00\",\"description\":\"Effiziente Eindampftechnologie f\u00fcr Industrieanlagen: GKT bietet Verdampferl\u00f6sungen wie MVR, TVR und Fallfilmverdampfer f\u00fcr maximale Leistung.\",\"breadcrumb\":{\"@id\":\"https:\\\/\\\/gkt-solutions.com\\\/de\\\/technologien\\\/konventionelle-eindampfung\\\/#breadcrumb\"},\"inLanguage\":\"de\",\"potentialAction\":[{\"@type\":\"ReadAction\",\"target\":[\"https:\\\/\\\/gkt-solutions.com\\\/de\\\/technologien\\\/konventionelle-eindampfung\\\/\"]}]},{\"@type\":\"BreadcrumbList\",\"@id\":\"https:\\\/\\\/gkt-solutions.com\\\/de\\\/technologien\\\/konventionelle-eindampfung\\\/#breadcrumb\",\"itemListElement\":[{\"@type\":\"ListItem\",\"position\":1,\"name\":\"Home\",\"item\":\"https:\\\/\\\/gkt-solutions.com\\\/de\\\/\"},{\"@type\":\"ListItem\",\"position\":2,\"name\":\"Technologien\",\"item\":\"https:\\\/\\\/gkt-solutions.com\\\/de\\\/technologien\\\/\"},{\"@type\":\"ListItem\",\"position\":3,\"name\":\"Konventionelle Eindampftechnologie\"}]},{\"@type\":\"WebSite\",\"@id\":\"https:\\\/\\\/gkt-solutions.com\\\/#website\",\"url\":\"https:\\\/\\\/gkt-solutions.com\\\/\",\"name\":\"GKT\",\"description\":\"We Engineer Green Key Technologies\",\"potentialAction\":[{\"@type\":\"SearchAction\",\"target\":{\"@type\":\"EntryPoint\",\"urlTemplate\":\"https:\\\/\\\/gkt-solutions.com\\\/?s={search_term_string}\"},\"query-input\":{\"@type\":\"PropertyValueSpecification\",\"valueRequired\":true,\"valueName\":\"search_term_string\"}}],\"inLanguage\":\"de\"}]}<\/script>\n<!-- \/ Yoast SEO plugin. -->","yoast_head_json":{"title":"Eindampftechnologie & Verdampfer f\u00fcr Industrie","description":"Effiziente Eindampftechnologie f\u00fcr Industrieanlagen: GKT bietet Verdampferl\u00f6sungen wie MVR, TVR und Fallfilmverdampfer f\u00fcr maximale Leistung.","robots":{"index":"index","follow":"follow","max-snippet":"max-snippet:-1","max-image-preview":"max-image-preview:large","max-video-preview":"max-video-preview:-1"},"canonical":"https:\/\/gkt-solutions.com\/de\/technologien\/konventionelle-eindampfung\/","og_locale":"de_DE","og_type":"article","og_title":"Eindampftechnologie & Verdampfer f\u00fcr Industrie","og_description":"Effiziente Eindampftechnologie f\u00fcr Industrieanlagen: GKT bietet Verdampferl\u00f6sungen wie MVR, TVR und Fallfilmverdampfer f\u00fcr maximale Leistung.","og_url":"https:\/\/gkt-solutions.com\/de\/technologien\/konventionelle-eindampfung\/","og_site_name":"GKT","article_modified_time":"2026-04-27T09:49:20+00:00","twitter_card":"summary_large_image","schema":{"@context":"https:\/\/schema.org","@graph":[{"@type":"WebPage","@id":"https:\/\/gkt-solutions.com\/de\/technologien\/konventionelle-eindampfung\/","url":"https:\/\/gkt-solutions.com\/de\/technologien\/konventionelle-eindampfung\/","name":"Eindampftechnologie & Verdampfer f\u00fcr Industrie","isPartOf":{"@id":"https:\/\/gkt-solutions.com\/#website"},"datePublished":"2026-03-10T08:14:50+00:00","dateModified":"2026-04-27T09:49:20+00:00","description":"Effiziente Eindampftechnologie f\u00fcr Industrieanlagen: GKT bietet Verdampferl\u00f6sungen wie MVR, TVR und Fallfilmverdampfer f\u00fcr maximale Leistung.","breadcrumb":{"@id":"https:\/\/gkt-solutions.com\/de\/technologien\/konventionelle-eindampfung\/#breadcrumb"},"inLanguage":"de","potentialAction":[{"@type":"ReadAction","target":["https:\/\/gkt-solutions.com\/de\/technologien\/konventionelle-eindampfung\/"]}]},{"@type":"BreadcrumbList","@id":"https:\/\/gkt-solutions.com\/de\/technologien\/konventionelle-eindampfung\/#breadcrumb","itemListElement":[{"@type":"ListItem","position":1,"name":"Home","item":"https:\/\/gkt-solutions.com\/de\/"},{"@type":"ListItem","position":2,"name":"Technologien","item":"https:\/\/gkt-solutions.com\/de\/technologien\/"},{"@type":"ListItem","position":3,"name":"Konventionelle Eindampftechnologie"}]},{"@type":"WebSite","@id":"https:\/\/gkt-solutions.com\/#website","url":"https:\/\/gkt-solutions.com\/","name":"GKT","description":"We Engineer Green Key Technologies","potentialAction":[{"@type":"SearchAction","target":{"@type":"EntryPoint","urlTemplate":"https:\/\/gkt-solutions.com\/?s={search_term_string}"},"query-input":{"@type":"PropertyValueSpecification","valueRequired":true,"valueName":"search_term_string"}}],"inLanguage":"de"}]}},"_links":{"self":[{"href":"https:\/\/gkt-solutions.com\/de\/wp-json\/wp\/v2\/pages\/4058","targetHints":{"allow":["GET"]}}],"collection":[{"href":"https:\/\/gkt-solutions.com\/de\/wp-json\/wp\/v2\/pages"}],"about":[{"href":"https:\/\/gkt-solutions.com\/de\/wp-json\/wp\/v2\/types\/page"}],"author":[{"embeddable":true,"href":"https:\/\/gkt-solutions.com\/de\/wp-json\/wp\/v2\/users\/1"}],"replies":[{"embeddable":true,"href":"https:\/\/gkt-solutions.com\/de\/wp-json\/wp\/v2\/comments?post=4058"}],"version-history":[{"count":11,"href":"https:\/\/gkt-solutions.com\/de\/wp-json\/wp\/v2\/pages\/4058\/revisions"}],"predecessor-version":[{"id":4880,"href":"https:\/\/gkt-solutions.com\/de\/wp-json\/wp\/v2\/pages\/4058\/revisions\/4880"}],"up":[{"embeddable":true,"href":"https:\/\/gkt-solutions.com\/de\/wp-json\/wp\/v2\/pages\/4185"}],"wp:attachment":[{"href":"https:\/\/gkt-solutions.com\/de\/wp-json\/wp\/v2\/media?parent=4058"}],"curies":[{"name":"wp","href":"https:\/\/api.w.org\/{rel}","templated":true}]}}