{"id":4049,"date":"2026-02-10T16:22:35","date_gmt":"2026-02-10T15:22:35","guid":{"rendered":"https:\/\/gkt-solutions.com\/quality-health-safety\/"},"modified":"2026-04-15T18:25:13","modified_gmt":"2026-04-15T16:25:13","slug":"hseq","status":"publish","type":"page","link":"https:\/\/gkt-solutions.com\/de\/hseq\/","title":{"rendered":"Sicherheit, Umwelt und Qualit\u00e4t"},"content":{"rendered":"","protected":false},"excerpt":{"rendered":"","protected":false},"author":1,"featured_media":0,"parent":0,"menu_order":55,"comment_status":"closed","ping_status":"closed","template":"","meta":{"_acf_changed":false,"inline_featured_image":false,"footnotes":""},"class_list":["post-4049","page","type-page","status-publish","hentry"],"acf":[],"yoast_head":"<!-- This site is optimized with the Yoast SEO plugin v27.5 - https:\/\/yoast.com\/product\/yoast-seo-wordpress\/ -->\n<title>HSEQ: Sicherheit, Umwelt &amp; Qualit\u00e4t in Industrieanlagen | GKT<\/title>\n<meta name=\"description\" content=\"GKT steht f\u00fcr h\u00f6chste Standards in Sicherheit, Umwelt und Qualit\u00e4t zertifiziert nach ISO f\u00fcr nachhaltige Industrieprozesse.\" \/>\n<meta name=\"robots\" content=\"index, follow, max-snippet:-1, max-image-preview:large, max-video-preview:-1\" \/>\n<link rel=\"canonical\" href=\"https:\/\/gkt-solutions.com\/de\/hseq\/\" \/>\n<meta property=\"og:locale\" content=\"de_DE\" \/>\n<meta property=\"og:type\" content=\"article\" \/>\n<meta property=\"og:title\" content=\"HSEQ: Sicherheit, Umwelt &amp; Qualit\u00e4t in Industrieanlagen | GKT\" \/>\n<meta property=\"og:description\" content=\"GKT steht f\u00fcr h\u00f6chste Standards in Sicherheit, Umwelt und Qualit\u00e4t zertifiziert nach ISO f\u00fcr nachhaltige Industrieprozesse.\" \/>\n<meta property=\"og:url\" content=\"https:\/\/gkt-solutions.com\/de\/hseq\/\" \/>\n<meta property=\"og:site_name\" content=\"GKT\" \/>\n<meta property=\"article:modified_time\" content=\"2026-04-15T16:25:13+00:00\" \/>\n<meta name=\"twitter:card\" content=\"summary_large_image\" \/>\n<script type=\"application\/ld+json\" class=\"yoast-schema-graph\">{\"@context\":\"https:\\\/\\\/schema.org\",\"@graph\":[{\"@type\":\"WebPage\",\"@id\":\"https:\\\/\\\/gkt-solutions.com\\\/de\\\/hseq\\\/\",\"url\":\"https:\\\/\\\/gkt-solutions.com\\\/de\\\/hseq\\\/\",\"name\":\"HSEQ: Sicherheit, Umwelt & Qualit\u00e4t in Industrieanlagen | GKT\",\"isPartOf\":{\"@id\":\"https:\\\/\\\/gkt-solutions.com\\\/#website\"},\"datePublished\":\"2026-02-10T15:22:35+00:00\",\"dateModified\":\"2026-04-15T16:25:13+00:00\",\"description\":\"GKT steht f\u00fcr h\u00f6chste Standards in Sicherheit, Umwelt und Qualit\u00e4t zertifiziert nach ISO f\u00fcr nachhaltige Industrieprozesse.\",\"breadcrumb\":{\"@id\":\"https:\\\/\\\/gkt-solutions.com\\\/de\\\/hseq\\\/#breadcrumb\"},\"inLanguage\":\"de\",\"potentialAction\":[{\"@type\":\"ReadAction\",\"target\":[\"https:\\\/\\\/gkt-solutions.com\\\/de\\\/hseq\\\/\"]}]},{\"@type\":\"BreadcrumbList\",\"@id\":\"https:\\\/\\\/gkt-solutions.com\\\/de\\\/hseq\\\/#breadcrumb\",\"itemListElement\":[{\"@type\":\"ListItem\",\"position\":1,\"name\":\"Home\",\"item\":\"https:\\\/\\\/gkt-solutions.com\\\/de\\\/\"},{\"@type\":\"ListItem\",\"position\":2,\"name\":\"Sicherheit, Umwelt und Qualit\u00e4t\"}]},{\"@type\":\"WebSite\",\"@id\":\"https:\\\/\\\/gkt-solutions.com\\\/#website\",\"url\":\"https:\\\/\\\/gkt-solutions.com\\\/\",\"name\":\"GKT\",\"description\":\"We Engineer Green Key Technologies\",\"potentialAction\":[{\"@type\":\"SearchAction\",\"target\":{\"@type\":\"EntryPoint\",\"urlTemplate\":\"https:\\\/\\\/gkt-solutions.com\\\/?s={search_term_string}\"},\"query-input\":{\"@type\":\"PropertyValueSpecification\",\"valueRequired\":true,\"valueName\":\"search_term_string\"}}],\"inLanguage\":\"de\"}]}<\/script>\n<!-- \/ Yoast SEO plugin. -->","yoast_head_json":{"title":"HSEQ: Sicherheit, Umwelt & Qualit\u00e4t in Industrieanlagen | GKT","description":"GKT steht f\u00fcr h\u00f6chste Standards in Sicherheit, Umwelt und Qualit\u00e4t zertifiziert nach ISO f\u00fcr nachhaltige Industrieprozesse.","robots":{"index":"index","follow":"follow","max-snippet":"max-snippet:-1","max-image-preview":"max-image-preview:large","max-video-preview":"max-video-preview:-1"},"canonical":"https:\/\/gkt-solutions.com\/de\/hseq\/","og_locale":"de_DE","og_type":"article","og_title":"HSEQ: Sicherheit, Umwelt & Qualit\u00e4t in Industrieanlagen | GKT","og_description":"GKT steht f\u00fcr h\u00f6chste Standards in Sicherheit, Umwelt und Qualit\u00e4t zertifiziert nach ISO f\u00fcr nachhaltige Industrieprozesse.","og_url":"https:\/\/gkt-solutions.com\/de\/hseq\/","og_site_name":"GKT","article_modified_time":"2026-04-15T16:25:13+00:00","twitter_card":"summary_large_image","schema":{"@context":"https:\/\/schema.org","@graph":[{"@type":"WebPage","@id":"https:\/\/gkt-solutions.com\/de\/hseq\/","url":"https:\/\/gkt-solutions.com\/de\/hseq\/","name":"HSEQ: Sicherheit, Umwelt & Qualit\u00e4t in Industrieanlagen | GKT","isPartOf":{"@id":"https:\/\/gkt-solutions.com\/#website"},"datePublished":"2026-02-10T15:22:35+00:00","dateModified":"2026-04-15T16:25:13+00:00","description":"GKT steht f\u00fcr h\u00f6chste Standards in Sicherheit, Umwelt und Qualit\u00e4t zertifiziert nach ISO f\u00fcr nachhaltige Industrieprozesse.","breadcrumb":{"@id":"https:\/\/gkt-solutions.com\/de\/hseq\/#breadcrumb"},"inLanguage":"de","potentialAction":[{"@type":"ReadAction","target":["https:\/\/gkt-solutions.com\/de\/hseq\/"]}]},{"@type":"BreadcrumbList","@id":"https:\/\/gkt-solutions.com\/de\/hseq\/#breadcrumb","itemListElement":[{"@type":"ListItem","position":1,"name":"Home","item":"https:\/\/gkt-solutions.com\/de\/"},{"@type":"ListItem","position":2,"name":"Sicherheit, Umwelt und Qualit\u00e4t"}]},{"@type":"WebSite","@id":"https:\/\/gkt-solutions.com\/#website","url":"https:\/\/gkt-solutions.com\/","name":"GKT","description":"We Engineer Green Key Technologies","potentialAction":[{"@type":"SearchAction","target":{"@type":"EntryPoint","urlTemplate":"https:\/\/gkt-solutions.com\/?s={search_term_string}"},"query-input":{"@type":"PropertyValueSpecification","valueRequired":true,"valueName":"search_term_string"}}],"inLanguage":"de"}]}},"_links":{"self":[{"href":"https:\/\/gkt-solutions.com\/de\/wp-json\/wp\/v2\/pages\/4049","targetHints":{"allow":["GET"]}}],"collection":[{"href":"https:\/\/gkt-solutions.com\/de\/wp-json\/wp\/v2\/pages"}],"about":[{"href":"https:\/\/gkt-solutions.com\/de\/wp-json\/wp\/v2\/types\/page"}],"author":[{"embeddable":true,"href":"https:\/\/gkt-solutions.com\/de\/wp-json\/wp\/v2\/users\/1"}],"replies":[{"embeddable":true,"href":"https:\/\/gkt-solutions.com\/de\/wp-json\/wp\/v2\/comments?post=4049"}],"version-history":[{"count":5,"href":"https:\/\/gkt-solutions.com\/de\/wp-json\/wp\/v2\/pages\/4049\/revisions"}],"predecessor-version":[{"id":4508,"href":"https:\/\/gkt-solutions.com\/de\/wp-json\/wp\/v2\/pages\/4049\/revisions\/4508"}],"wp:attachment":[{"href":"https:\/\/gkt-solutions.com\/de\/wp-json\/wp\/v2\/media?parent=4049"}],"curies":[{"name":"wp","href":"https:\/\/api.w.org\/{rel}","templated":true}]}}