{"id":4017,"date":"2026-02-10T16:11:34","date_gmt":"2026-02-10T15:11:34","guid":{"rendered":"https:\/\/gkt-solutions.com\/home\/"},"modified":"2026-04-27T12:37:37","modified_gmt":"2026-04-27T10:37:37","slug":"home","status":"publish","type":"page","link":"https:\/\/gkt-solutions.com\/de\/","title":{"rendered":"Startseite"},"content":{"rendered":"","protected":false},"excerpt":{"rendered":"","protected":false},"author":1,"featured_media":0,"parent":0,"menu_order":37,"comment_status":"closed","ping_status":"closed","template":"","meta":{"_acf_changed":false,"inline_featured_image":false,"footnotes":""},"class_list":["post-4017","page","type-page","status-publish","hentry"],"acf":[],"yoast_head":"<!-- This site is optimized with the Yoast SEO plugin v27.5 - https:\/\/yoast.com\/product\/yoast-seo-wordpress\/ -->\n<title>GKT Anlagenbau f\u00fcr thermische Trenntechnik<\/title>\n<meta name=\"description\" content=\"Industrielle Prozesse f\u00fcr mehr Effizienz und Nachhaltigkeit mit L\u00f6sungen in thermischer Trenntechnik, Anlagenbau und Umwelttechnologie.\" \/>\n<meta name=\"robots\" content=\"index, follow, max-snippet:-1, max-image-preview:large, max-video-preview:-1\" \/>\n<link rel=\"canonical\" href=\"https:\/\/gkt-solutions.com\/de\/\" \/>\n<meta property=\"og:locale\" content=\"de_DE\" \/>\n<meta property=\"og:type\" content=\"article\" \/>\n<meta property=\"og:title\" content=\"GKT Anlagenbau f\u00fcr thermische Trenntechnik\" \/>\n<meta property=\"og:description\" content=\"Industrielle Prozesse f\u00fcr mehr Effizienz und Nachhaltigkeit mit L\u00f6sungen in thermischer Trenntechnik, Anlagenbau und Umwelttechnologie.\" \/>\n<meta property=\"og:url\" content=\"https:\/\/gkt-solutions.com\/de\/\" \/>\n<meta property=\"og:site_name\" content=\"GKT\" \/>\n<meta property=\"article:modified_time\" content=\"2026-04-27T10:37:37+00:00\" \/>\n<meta name=\"twitter:card\" content=\"summary_large_image\" \/>\n<script type=\"application\/ld+json\" class=\"yoast-schema-graph\">{\"@context\":\"https:\\\/\\\/schema.org\",\"@graph\":[{\"@type\":\"WebPage\",\"@id\":\"https:\\\/\\\/gkt-solutions.com\\\/de\\\/\",\"url\":\"https:\\\/\\\/gkt-solutions.com\\\/de\\\/\",\"name\":\"GKT Anlagenbau f\u00fcr thermische Trenntechnik\",\"isPartOf\":{\"@id\":\"https:\\\/\\\/gkt-solutions.com\\\/#website\"},\"datePublished\":\"2026-02-10T15:11:34+00:00\",\"dateModified\":\"2026-04-27T10:37:37+00:00\",\"description\":\"Industrielle Prozesse f\u00fcr mehr Effizienz und Nachhaltigkeit mit L\u00f6sungen in thermischer Trenntechnik, Anlagenbau und Umwelttechnologie.\",\"breadcrumb\":{\"@id\":\"https:\\\/\\\/gkt-solutions.com\\\/de\\\/#breadcrumb\"},\"inLanguage\":\"de\",\"potentialAction\":[{\"@type\":\"ReadAction\",\"target\":[\"https:\\\/\\\/gkt-solutions.com\\\/de\\\/\"]}]},{\"@type\":\"BreadcrumbList\",\"@id\":\"https:\\\/\\\/gkt-solutions.com\\\/de\\\/#breadcrumb\",\"itemListElement\":[{\"@type\":\"ListItem\",\"position\":1,\"name\":\"Home\",\"item\":\"https:\\\/\\\/gkt-solutions.com\\\/de\\\/\"},{\"@type\":\"ListItem\",\"position\":2,\"name\":\"Startseite\"}]},{\"@type\":\"WebSite\",\"@id\":\"https:\\\/\\\/gkt-solutions.com\\\/#website\",\"url\":\"https:\\\/\\\/gkt-solutions.com\\\/\",\"name\":\"GKT\",\"description\":\"We Engineer Green Key Technologies\",\"potentialAction\":[{\"@type\":\"SearchAction\",\"target\":{\"@type\":\"EntryPoint\",\"urlTemplate\":\"https:\\\/\\\/gkt-solutions.com\\\/?s={search_term_string}\"},\"query-input\":{\"@type\":\"PropertyValueSpecification\",\"valueRequired\":true,\"valueName\":\"search_term_string\"}}],\"inLanguage\":\"de\"}]}<\/script>\n<!-- \/ Yoast SEO plugin. -->","yoast_head_json":{"title":"GKT Anlagenbau f\u00fcr thermische Trenntechnik","description":"Industrielle Prozesse f\u00fcr mehr Effizienz und Nachhaltigkeit mit L\u00f6sungen in thermischer Trenntechnik, Anlagenbau und Umwelttechnologie.","robots":{"index":"index","follow":"follow","max-snippet":"max-snippet:-1","max-image-preview":"max-image-preview:large","max-video-preview":"max-video-preview:-1"},"canonical":"https:\/\/gkt-solutions.com\/de\/","og_locale":"de_DE","og_type":"article","og_title":"GKT Anlagenbau f\u00fcr thermische Trenntechnik","og_description":"Industrielle Prozesse f\u00fcr mehr Effizienz und Nachhaltigkeit mit L\u00f6sungen in thermischer Trenntechnik, Anlagenbau und Umwelttechnologie.","og_url":"https:\/\/gkt-solutions.com\/de\/","og_site_name":"GKT","article_modified_time":"2026-04-27T10:37:37+00:00","twitter_card":"summary_large_image","schema":{"@context":"https:\/\/schema.org","@graph":[{"@type":"WebPage","@id":"https:\/\/gkt-solutions.com\/de\/","url":"https:\/\/gkt-solutions.com\/de\/","name":"GKT Anlagenbau f\u00fcr thermische Trenntechnik","isPartOf":{"@id":"https:\/\/gkt-solutions.com\/#website"},"datePublished":"2026-02-10T15:11:34+00:00","dateModified":"2026-04-27T10:37:37+00:00","description":"Industrielle Prozesse f\u00fcr mehr Effizienz und Nachhaltigkeit mit L\u00f6sungen in thermischer Trenntechnik, Anlagenbau und Umwelttechnologie.","breadcrumb":{"@id":"https:\/\/gkt-solutions.com\/de\/#breadcrumb"},"inLanguage":"de","potentialAction":[{"@type":"ReadAction","target":["https:\/\/gkt-solutions.com\/de\/"]}]},{"@type":"BreadcrumbList","@id":"https:\/\/gkt-solutions.com\/de\/#breadcrumb","itemListElement":[{"@type":"ListItem","position":1,"name":"Home","item":"https:\/\/gkt-solutions.com\/de\/"},{"@type":"ListItem","position":2,"name":"Startseite"}]},{"@type":"WebSite","@id":"https:\/\/gkt-solutions.com\/#website","url":"https:\/\/gkt-solutions.com\/","name":"GKT","description":"We Engineer Green Key Technologies","potentialAction":[{"@type":"SearchAction","target":{"@type":"EntryPoint","urlTemplate":"https:\/\/gkt-solutions.com\/?s={search_term_string}"},"query-input":{"@type":"PropertyValueSpecification","valueRequired":true,"valueName":"search_term_string"}}],"inLanguage":"de"}]}},"_links":{"self":[{"href":"https:\/\/gkt-solutions.com\/de\/wp-json\/wp\/v2\/pages\/4017","targetHints":{"allow":["GET"]}}],"collection":[{"href":"https:\/\/gkt-solutions.com\/de\/wp-json\/wp\/v2\/pages"}],"about":[{"href":"https:\/\/gkt-solutions.com\/de\/wp-json\/wp\/v2\/types\/page"}],"author":[{"embeddable":true,"href":"https:\/\/gkt-solutions.com\/de\/wp-json\/wp\/v2\/users\/1"}],"replies":[{"embeddable":true,"href":"https:\/\/gkt-solutions.com\/de\/wp-json\/wp\/v2\/comments?post=4017"}],"version-history":[{"count":12,"href":"https:\/\/gkt-solutions.com\/de\/wp-json\/wp\/v2\/pages\/4017\/revisions"}],"predecessor-version":[{"id":4895,"href":"https:\/\/gkt-solutions.com\/de\/wp-json\/wp\/v2\/pages\/4017\/revisions\/4895"}],"wp:attachment":[{"href":"https:\/\/gkt-solutions.com\/de\/wp-json\/wp\/v2\/media?parent=4017"}],"curies":[{"name":"wp","href":"https:\/\/api.w.org\/{rel}","templated":true}]}}